{"id":259,"date":"2024-07-17T18:05:40","date_gmt":"2024-07-17T16:05:40","guid":{"rendered":"https:\/\/interlaw.rs\/bogdan-milenkovic\/"},"modified":"2024-07-17T20:17:02","modified_gmt":"2024-07-17T18:17:02","slug":"bogdan-milenkovic","status":"publish","type":"page","link":"https:\/\/interlaw.rs\/en\/our-team\/bogdan-milenkovic\/","title":{"rendered":"Bogdan Milenkovi\u0107"},"content":{"rendered":"\n<p>Nakon diplomiranja na Pravnom fakultetu Univerziteta u Beogradu, Bogdan postaje \u010dlan advokatske kancelarije Interlaw 2009. godine. Tokom svog advokatskog sta\u017ea specijalizovao se za razli\u010dite oblasti privrednog prava, te se svakodnevno bavi korporativnim zastupanjem i savetovanjem.<\/p>\n\n\n\n<p>Tako\u0111e, savetuje investitore povodom raznih vrsta transakcija vezanih za nepokretnosti, uklju\u010duju\u0107i razvoj lokacija za izgradnju i poreska pitanja u vezi sa nepokretnostima.<\/p>\n","protected":false},"excerpt":{"rendered":"<p>Nakon diplomiranja na Pravnom fakultetu Univerziteta u Beogradu, Bogdan postaje \u010dlan advokatske kancelarije Interlaw 2009. godine. Tokom svog advokatskog sta\u017ea specijalizovao se za razli\u010dite oblasti privrednog prava, te se svakodnevno bavi korporativnim zastupanjem i savetovanjem. Tako\u0111e, savetuje investitore povodom raznih vrsta transakcija vezanih za nepokretnosti, uklju\u010duju\u0107i razvoj lokacija za izgradnju i poreska pitanja u vezi [&hellip;]<\/p>\n","protected":false},"author":1,"featured_media":235,"parent":275,"menu_order":3,"comment_status":"closed","ping_status":"closed","template":"templates\/single-team.php","meta":{"_acf_changed":false,"footnotes":""},"class_list":["post-259","page","type-page","status-publish","has-post-thumbnail","hentry"],"acf":[],"_links":{"self":[{"href":"https:\/\/interlaw.rs\/en\/wp-json\/wp\/v2\/pages\/259","targetHints":{"allow":["GET"]}}],"collection":[{"href":"https:\/\/interlaw.rs\/en\/wp-json\/wp\/v2\/pages"}],"about":[{"href":"https:\/\/interlaw.rs\/en\/wp-json\/wp\/v2\/types\/page"}],"author":[{"embeddable":true,"href":"https:\/\/interlaw.rs\/en\/wp-json\/wp\/v2\/users\/1"}],"replies":[{"embeddable":true,"href":"https:\/\/interlaw.rs\/en\/wp-json\/wp\/v2\/comments?post=259"}],"version-history":[{"count":1,"href":"https:\/\/interlaw.rs\/en\/wp-json\/wp\/v2\/pages\/259\/revisions"}],"predecessor-version":[{"id":312,"href":"https:\/\/interlaw.rs\/en\/wp-json\/wp\/v2\/pages\/259\/revisions\/312"}],"up":[{"embeddable":true,"href":"https:\/\/interlaw.rs\/en\/wp-json\/wp\/v2\/pages\/275"}],"wp:featuredmedia":[{"embeddable":true,"href":"https:\/\/interlaw.rs\/en\/wp-json\/wp\/v2\/media\/235"}],"wp:attachment":[{"href":"https:\/\/interlaw.rs\/en\/wp-json\/wp\/v2\/media?parent=259"}],"curies":[{"name":"wp","href":"https:\/\/api.w.org\/{rel}","templated":true}]}}